{"id":174,"date":"2011-08-27T17:07:00","date_gmt":"2011-08-27T16:07:00","guid":{"rendered":"http:\/\/www.hapkido.pl\/wordpress\/?page_id=174"},"modified":"2023-07-11T05:58:27","modified_gmt":"2023-07-11T04:58:27","slug":"video","status":"publish","type":"page","link":"https:\/\/www.hapkido.pl\/?page_id=174","title":{"rendered":"video"},"content":{"rendered":"<p><iframe loading=\"lazy\" title=\"World Congress on HMA in Interdisciplinary Approach - Hapkido show\" width=\"980\" height=\"551\" src=\"https:\/\/www.youtube.com\/embed\/4ifyVFEk9s8?feature=oembed\" frameborder=\"0\" allow=\"accelerometer; autoplay; encrypted-media; gyroscope; picture-in-picture\" allowfullscreen><\/iframe><\/p>\n<p><iframe loading=\"lazy\" title=\"I Ma\u0142opolski Festiwal Sport\u00f3w, Sztuk i System\u00f3w Walki\" width=\"980\" height=\"551\" src=\"https:\/\/www.youtube.com\/embed\/videoseries?list=PLaz7pNcJm2YMD65JhvApFgjFF47fTOoVi\" frameborder=\"0\" allow=\"accelerometer; autoplay; encrypted-media; gyroscope; picture-in-picture\" allowfullscreen><\/iframe><\/p>\n<p><iframe loading=\"lazy\" title=\"Sportowe Pasje - Hapkido\" width=\"980\" height=\"551\" src=\"https:\/\/www.youtube.com\/embed\/videoseries?list=PLaz7pNcJm2YNe1K386CgOvTycCZdSG2JW\" frameborder=\"0\" allow=\"accelerometer; autoplay; encrypted-media; gyroscope; picture-in-picture\" allowfullscreen><\/iframe><\/p>\n<p><iframe loading=\"lazy\" title=\"Gala Hapkido\" width=\"980\" height=\"551\" src=\"https:\/\/www.youtube.com\/embed\/videoseries?list=PLaz7pNcJm2YNZSeNsF57ro4NkfQHAHuzv\" frameborder=\"0\" allow=\"accelerometer; autoplay; encrypted-media; gyroscope; picture-in-picture\" allowfullscreen><\/iframe><\/p>\n<p><iframe loading=\"lazy\" title=\"Seminarium Hapkido\" width=\"980\" height=\"551\" src=\"https:\/\/www.youtube.com\/embed\/videoseries?list=PLaz7pNcJm2YMgXSeCVQhpeaY39PB_H8_F\" frameborder=\"0\" allow=\"accelerometer; autoplay; encrypted-media; gyroscope; picture-in-picture\" allowfullscreen><\/iframe><\/p>\n<p><iframe loading=\"lazy\" title=\"Hapkido - 25 lat w Polsce\" width=\"980\" height=\"551\" src=\"https:\/\/www.youtube.com\/embed\/c0aREdBYePo?feature=oembed\" frameborder=\"0\" allow=\"accelerometer; autoplay; encrypted-media; gyroscope; picture-in-picture\" allowfullscreen><\/iframe><\/p>\n<p><!-- [Youtube_Channel_Gallery user=\"hapki77\" maxitems=\"16\" thumb_columns_phones=\"2\" thumb_columns_tablets=\"4\" key=xxxxx] --><\/p>\n\n\n<figure class=\"wp-block-embed is-type-video is-provider-youtube wp-block-embed-youtube wp-embed-aspect-16-9 wp-has-aspect-ratio\"><div class=\"wp-block-embed__wrapper\">\n<iframe loading=\"lazy\" title=\"Hapkido Moo Hak Kwan Polska - pokaz podczas pikniku rodzinnego z okazji \u015awi\u0119ta Czy\u017cyn (2022)\" width=\"980\" height=\"551\" src=\"https:\/\/www.youtube.com\/embed\/e_alMnUiDP8?feature=oembed\" frameborder=\"0\" allow=\"accelerometer; autoplay; clipboard-write; encrypted-media; gyroscope; picture-in-picture; web-share\" allowfullscreen><\/iframe>\n<\/div><\/figure>\n\n\n\n<figure class=\"wp-block-embed is-type-video is-provider-youtube wp-block-embed-youtube wp-embed-aspect-4-3 wp-has-aspect-ratio\"><div class=\"wp-block-embed__wrapper\">\n<iframe loading=\"lazy\" title=\"Noworoczne Seminarium Hapkido 2012\" width=\"980\" height=\"735\" src=\"https:\/\/www.youtube.com\/embed\/j0wqFwKN-KI?feature=oembed\" frameborder=\"0\" allow=\"accelerometer; autoplay; clipboard-write; encrypted-media; gyroscope; picture-in-picture; web-share\" allowfullscreen><\/iframe>\n<\/div><\/figure>\n","protected":false},"excerpt":{"rendered":"","protected":false},"author":1,"featured_media":0,"parent":0,"menu_order":0,"comment_status":"closed","ping_status":"closed","template":"","meta":{"ngg_post_thumbnail":0,"footnotes":""},"class_list":["post-174","page","type-page","status-publish","hentry"],"_links":{"self":[{"href":"https:\/\/www.hapkido.pl\/index.php?rest_route=\/wp\/v2\/pages\/174","targetHints":{"allow":["GET"]}}],"collection":[{"href":"https:\/\/www.hapkido.pl\/index.php?rest_route=\/wp\/v2\/pages"}],"about":[{"href":"https:\/\/www.hapkido.pl\/index.php?rest_route=\/wp\/v2\/types\/page"}],"author":[{"embeddable":true,"href":"https:\/\/www.hapkido.pl\/index.php?rest_route=\/wp\/v2\/users\/1"}],"replies":[{"embeddable":true,"href":"https:\/\/www.hapkido.pl\/index.php?rest_route=%2Fwp%2Fv2%2Fcomments&post=174"}],"version-history":[{"count":20,"href":"https:\/\/www.hapkido.pl\/index.php?rest_route=\/wp\/v2\/pages\/174\/revisions"}],"predecessor-version":[{"id":3850,"href":"https:\/\/www.hapkido.pl\/index.php?rest_route=\/wp\/v2\/pages\/174\/revisions\/3850"}],"wp:attachment":[{"href":"https:\/\/www.hapkido.pl\/index.php?rest_route=%2Fwp%2Fv2%2Fmedia&parent=174"}],"curies":[{"name":"wp","href":"https:\/\/api.w.org\/{rel}","templated":true}]}}